{"id":215618,"date":"2020-03-05T00:55:51","date_gmt":"2020-03-05T00:55:51","guid":{"rendered":"https:\/\/culturaorihuela.com\/?page_id=215618"},"modified":"2021-09-13T10:11:06","modified_gmt":"2021-09-13T10:11:06","slug":"museo-arqueologico-san-juan-de-dios","status":"publish","type":"page","link":"https:\/\/cultura.orihuela.es\/?page_id=215618","title":{"rendered":"Museo Arqueol\u00f3gico San Juan de Dios"},"content":{"rendered":"<div  class=\"tatsu-FsfWxCiBv tatsu-section  tatsu-bg-overlay   tatsu-clearfix\" data-title=\"\"  data-headerscheme=\"background--dark\"><div class='tatsu-section-pad clearfix' data-padding='{\"d\":\"73px 0px 90px 0px\"}' data-padding-top='73px'><div class=\"tatsu-row-wrap  tatsu-wrap tatsu-row-one-col tatsu-row-has-one-cols tatsu-medium-gutter tatsu-reg-cols  tatsu-clearfix tatsu-P7Q-3P0Tmk\" ><div  class=\"tatsu-row \" ><div  class=\"tatsu-column  tatsu-column-no-bg tatsu-one-col tatsu-column-image-none tatsu-column-effect-none  tatsu-5C3qiv6bu\"  data-parallax-speed=\"0\" style=\"\"><div class=\"tatsu-column-inner \" ><div class=\"tatsu-column-pad-wrap\"><div class=\"tatsu-column-pad\" ><div  class=\"tatsu-single-image tatsu-module align-center tatsu-image-lazyload tatsu-814enWqjv  \" ><div class=\"tatsu-single-image-inner \" style=\"width : 262px;\" ><div class = \"tatsu-single-image-padding-wrap\" style = \"padding-bottom : 125.19083969466%;\" ><\/div><img class = \"tatsu-gradient-border\" alt = \"\" title = \"SALA-MSEO\" data-src = \"https:\/\/cultura.orihuela.es\/wp-content\/uploads\/2020\/03\/SALA-MSEO.png\" src =\"data:image\/png;base64,iVBORw0KGgoAAAANSUhEUgAAAAEAAAABCAQAAAC1HAwCAAAAC0lEQVR42mNkYAAAAAYAAjCB0C8AAAAASUVORK5CYII=\"  \/><\/div><style>.tatsu-814enWqjv{margin: 0px 0px 0px 0px;padding: 2px 0px 0px 0px;}.tatsu-814enWqjv .tatsu-single-image-inner{border-style: solid;max-width: 32%;}.tatsu-814enWqjv.tatsu-single-image{transform: translate3d(0px,0px, 0);}<\/style><\/div><\/div><\/div><div class = \"tatsu-column-bg-image-wrap\"><div class = \"tatsu-column-bg-image tatsu-bg-lazyload\" data-src = \"\"><\/div><\/div><\/div><style>.tatsu-row > .tatsu-5C3qiv6bu.tatsu-column{width: 100%;}.tatsu-5C3qiv6bu.tatsu-column > .tatsu-column-inner > .tatsu-column-overlay{mix-blend-mode: none;}.tatsu-5C3qiv6bu > .tatsu-column-inner > .tatsu-top-divider{z-index: 9999;}.tatsu-5C3qiv6bu > .tatsu-column-inner > .tatsu-bottom-divider{z-index: 9999;}.tatsu-5C3qiv6bu > .tatsu-column-inner > .tatsu-left-divider{z-index: 9999;}.tatsu-5C3qiv6bu > .tatsu-column-inner > .tatsu-right-divider{z-index: 9999;}@media only screen and (max-width:1377px) {.tatsu-row > .tatsu-5C3qiv6bu.tatsu-column{width: 100%;}}@media only screen and (min-width:768px) and (max-width: 1024px) {.tatsu-row > .tatsu-5C3qiv6bu.tatsu-column{width: 100%;}}@media only screen and (max-width: 767px) {.tatsu-row > .tatsu-5C3qiv6bu.tatsu-column{width: 100%;}}<\/style><\/div><\/div><\/div><\/div><div class=\"tatsu-section-background-wrap\"><div class = \"tatsu-bg-blur\" style = \"background-image : url(data:image\/jpeg;base64,\/9j\/4AAQSkZJRgABAQAAAQABAAD\/4QAYRXhpZgAASUkqAAgAAAAAAAAAAAAAAP\/tACxQaG90b3Nob3AgMy4wADhCSU0EBAAAAAAADxwBWgADGyVHHAIAAAIAAgD\/4QOKaHR0cDovL25zLmFkb2JlLmNvbS94YXAvMS4wLwA8P3hwYWNrZXQgYmVnaW49Iu+7vyIgaWQ9Ilc1TTBNcENlaGlIenJlU3pOVGN6a2M5ZCI\/PiA8eDp4bXBtZXRhIHhtbG5zOng9ImFkb2JlOm5zOm1ldGEvIiB4OnhtcHRrPSJBZG9iZSBYTVAgQ29yZSA1LjMtYzAxMSA2Ni4xNDU2NjEsIDIwMTIvMDIvMDYtMTQ6NTY6MjcgICAgICAgICI+IDxyZGY6UkRGIHhtbG5zOnJkZj0iaHR0cDovL3d3dy53My5vcmcvMTk5OS8wMi8yMi1yZGYtc3ludGF4LW5zIyI+IDxyZGY6RGVzY3JpcHRpb24gcmRmOmFib3V0PSIiIHhtbG5zOnhtcFJpZ2h0cz0iaHR0cDovL25zLmFkb2JlLmNvbS94YXAvMS4wL3JpZ2h0cy8iIHhtbG5zOnhtcE1NPSJodHRwOi8vbnMuYWRvYmUuY29tL3hhcC8xLjAvbW0vIiB4bWxuczpzdFJlZj0iaHR0cDovL25zLmFkb2JlLmNvbS94YXAvMS4wL3NUeXBlL1Jlc291cmNlUmVmIyIgeG1sbnM6eG1wPSJodHRwOi8vbnMuYWRvYmUuY29tL3hhcC8xLjAvIiB4bXBSaWdodHM6TWFya2VkPSJGYWxzZSIgeG1wTU06RG9jdW1lbnRJRD0ieG1wLmRpZDpDMkYwREY4QzAyMjUxMUU2QUE0MkE1MURFNTlBODlCMyIgeG1wTU06SW5zdGFuY2VJRD0ieG1wLmlpZDpDMkYwREY4QjAyMjUxMUU2QUE0MkE1MURFNTlBODlCMyIgeG1wOkNyZWF0b3JUb29sPSJBZG9iZSBQaG90b3Nob3AgQ1MgV2luZG93cyI+IDx4bXBNTTpEZXJpdmVkRnJvbSBzdFJlZjppbnN0YW5jZUlEPSJ1dWlkOmM0ZDM0MzE2LTA2YjAtMTFkYi1hYzYyLTk3OWM5ODFlNTZhOSIgc3RSZWY6ZG9jdW1lbnRJRD0iYWRvYmU6ZG9jaWQ6cGhvdG9zaG9wOmM0ZDM0MzE1LTA2YjAtMTFkYi1hYzYyLTk3OWM5ODFlNTZhOSIvPiA8L3JkZjpEZXNjcmlwdGlvbj4gPC9yZGY6UkRGPiA8L3g6eG1wbWV0YT4gPD94cGFja2V0IGVuZD0iciI\/Pv\/bAEMABgQEBQQEBgUFBQYGBgcJDgkJCAgJEg0NCg4VEhYWFRIUFBcaIRwXGB8ZFBQdJx0fIiMlJSUWHCksKCQrISQlJP\/bAEMBBgYGCQgJEQkJESQYFBgkJCQkJCQkJCQkJCQkJCQkJCQkJCQkJCQkJCQkJCQkJCQkJCQkJCQkJCQkJCQkJCQkJP\/AABEIACEAMgMBEQACEQEDEQH\/xAAaAAEBAAMBAQAAAAAAAAAAAAAFBgMEBwAB\/8QANhAAAQMDAgMDCgUFAAAAAAAAAQIDBAAFEQYSITFBFCJhBxMjMjM0NXFzsUJRYnKBdJGSssH\/xAAZAQADAQEBAAAAAAAAAAAAAAACAwQBAAX\/xAAiEQACAgICAgIDAAAAAAAAAAAAAQIRAyESMQRBEyJRYXH\/2gAMAwEAAhEDEQA\/ALK52NsWF99b6luNvISArqCK8nLH7JnoYnqgg2rtMdG0HLfe4HHCpM+lZRj3o+xLS8pLilJVtPqk8xS1tWgunTPHTsy2iI5JlKfTLjh9AIA25NHLHKKVoCE1Jugpy1vy5KkFKz385yQMUtyS0MUW9iE5hrclO5Ix+Z5VQlSF3s6GxpiwqYbUqagkpBJDiR08TQfF+wvlf4CZ1nN1nMxQpKQo8dx4Y4Vb5E+K\/pJhipMR09ZYsO8PwkJaX3FBKzyOKnmuUUPT4szXLsUVEgulOGslXyFBpI3bYBbYlvuVqalQ0JStCPNnvZzjj\/2hU1NWbx4uhTTlsbejS3leb9ER3VdaDh2GpdICuMCEthySsMtq3Z7wAGD406UqpGRSqwMKg496H+VULM6J3iRQ6jv8exyYsh91KEl1KCSeWa3yldIHx\/bJ2\/8AlDs0t+O7CuDUia2+l1tKCQQtPEE+HhSZxfFUOjJOWyM1\/r7UMqQ5HtdvkKcPo33kEKSrcMnaOnOuwxhJfdmZG07igPSusdWWRjsEizhLS8uJwooClEY+fUGmZsONR+rFwyTb2jq2jr3eblZVLW2ww6pSkr3ZPEAdKmjjcpDpS4xJy96ntcm0lEKUt95bqQ7uB2pWAAQM8uANHJVJWdF3FhKuyLUVB5Ayc+0NdQdki\/re\/wB7kQ1T5SpjZcKdowAo\/wADpVuRJ7ZFjbT0U1i0Yu9XlbyYpQ84d6WkK9QY5nh\/eosuRxVRZVCCk7ZUXGApqG42k7CgebRtAG5XU1PFWMkaESCiL2pS1nenaUjrjGCK1JtIx1YpbnJqIx7I44UBJIOeacDn4+NHCXBmSjyRDrt863xZAYkYaWorW3zxk5\/im877AUa6IgX6ckY7dKGP1mqqEbFdFe4W\/wCur7UGbthY+juXkp+Nv\/TV\/rUmT0UR9mO9e2Z+rQQ6Cl2aS\/epP0xRvpArsV0b8CuH9Iv7ihl2zvSJB78XyFEcjjT\/ALdz9x+9VEx\/\/9k=);\"\"><\/div><div class = \"tatsu-section-background tatsu-bg-lazyload\" data-src = \"https:\/\/cultura.orihuela.es\/wp-content\/uploads\/2020\/03\/3.MUSEOARQUEOLOGICOCOMARCALSANJUANDEDIOS.jpg\"><\/div><\/div><div class=\"tatsu-overlay tatsu-section-overlay\"><\/div><div class = \"tatsu-shape-divider tatsu-bottom-divider\"><svg xmlns=\"http:\/\/www.w3.org\/2000\/svg\" preserveAspectRatio=\"none\" viewBox=\"0 0 1920 120\">\r\n  <polygon fill-rule=\"evenodd\" points=\"0 0 1920 120 0 120\"\/>\r\n<\/svg>\r\n<\/div><style>.tatsu-FsfWxCiBv.tatsu-section{background-color: #f2eeed;z-index: 3;}.tatsu-FsfWxCiBv .tatsu-section-background{background-image: url(https:\/\/cultura.orihuela.es\/wp-content\/uploads\/2020\/03\/3.MUSEOARQUEOLOGICOCOMARCALSANJUANDEDIOS.jpg);background-repeat: no-repeat;background-attachment: scroll;background-position: center center;background-size: cover;}.tatsu-FsfWxCiBv .tatsu-bg-blur{background-repeat: no-repeat;background-attachment: scroll;background-position: center center;background-size: cover;}.tatsu-FsfWxCiBv .tatsu-section-pad{padding: 73px 0px 90px 0px;}.tatsu-FsfWxCiBv > .tatsu-bottom-divider{height: 100px;color: #ffffff ;z-index: 9999;}.tatsu-FsfWxCiBv > .tatsu-top-divider{z-index: 9999;}.tatsu-FsfWxCiBv .tatsu-section-overlay{background: linear-gradient(180deg, rgba(255,255,255,1) 0%, rgba(0,0,0,1) 65%);mix-blend-mode: screen;}<\/style><\/div><div  class=\"tatsu-X2iik93dEn tatsu-section  tatsu-bg-overlay   tatsu-clearfix\" data-title=\"\"  data-headerscheme=\"background--dark\"><div class='tatsu-section-pad clearfix' data-padding='{\"d\":\"1px 0px 90px 0px\"}' data-padding-top='1px'><div class=\"tatsu-row-wrap  tatsu-wrap tatsu-row-has-one-half tatsu-row-has-two-cols tatsu-medium-gutter tatsu-reg-cols  tatsu-clearfix tatsu-7T_cfpq3o-\" ><div  class=\"tatsu-row \" ><div  class=\"tatsu-column  tatsu-bg-overlay tatsu-one-half tatsu-animate tatsu-column-image-none tatsu-column-effect-none  tatsu-d3irDLdAg\" data-animation=\"slideInLeft\" data-animation-delay=\"1348\"  data-parallax-speed=\"0\" style=\"\"><div class=\"tatsu-column-inner \" ><div class=\"tatsu-column-pad-wrap\"><div class=\"tatsu-column-pad\" ><div  class = \"tatsu-special-heading-wrap  tatsu-w0yZ5unPo \"  \"  ><style>.tatsu-w0yZ5unPo.tatsu-special-heading-wrap{font-size: 28px;margin: 0px 0px 20px 0px;text-align: left;}.tatsu-w0yZ5unPo.tatsu-special-heading-wrap .tatsu-title{letter-spacing: 0px;}.tatsu-w0yZ5unPo.tatsu-special-heading-wrap .tatsu-border{background: #9E9E9E;}<\/style><div class = \"special-heading-inner-wrap tatsu-border-style1 tatsu-expand\" ><div class = \"tatsu-border\" ><\/div><h6 class = \"tatsu-title\">Museo Arqueol\u00f3gico San Juan de Dios<\/h6><\/div><\/div><div  class=\"tatsu-module tatsu-text-block-wrap tatsu-gbwa2n3d2dgcx8sr  \"><div class=\"tatsu-text-inner tatsu-align-center  clearfix\" ><style>.tatsu-gbwa2n3d2dgcx8sr.tatsu-text-block-wrap .tatsu-text-inner{width: 100%;text-align: left;}<\/style>\n<div class=\" et_pb_row et_pb_row_1\">\n<div class=\"et_pb_column et_pb_column_4_4  et_pb_column_1 et-last-child\">\n<div class=\"et_pb_text et_pb_module et_pb_bg_layout_light et_pb_text_align_left  et_pb_text_0\">\n<div class=\"et_pb_text_inner\">\n<p><span style=\"color: #000000;\"><strong>C\/ Hospital n \u00ba 3-5<\/strong><\/span><br \/><span style=\"color: #000000;\"><strong>Horario: Martes a s\u00e1bado de 10h a 14h y de 16h a 19h<br \/>Domingos de 10h 14h<\/strong><\/span><\/p>\n<p><span style=\"color: #000000;\">Domingos de 10h a 14hUbicado en la Iglesia y \u201cSala de Hombres\u201d del Hospital San Juan de Dios, el museo arqueol\u00f3gico guarda materiales de amplia cronolog\u00eda, comprendida entre el paleol\u00edtico y los siglos XVIII. La mayor parte de ellos son de origen local o comarcal. En el presbiterio de la iglesia se expone una obra de singular importancia, el paso procesional de la \u201cCruz de los Labradores\u201d o la \u201cDiablesa\u201d de Nicol\u00e1s de Bussy, fechado en 1694-1695.<\/span><\/p>\n<p><span style=\"color: #000000;\">El Museo Arqueol\u00f3gico de Orihuela es el heredero del antiguo Museo de Antig\u00fcedades del Colegio Diocesano Santo Domingo, fundado en 1902 por el padre jesuita julio Furg\u00fas, del cual procede parte de sus fondos. Fue creado por el Ayuntamiento de Orihuela (merced a la autorizaci\u00f3n del Ministerio de Educaci\u00f3n y Ciencia, seg\u00fan orden del 16 de febrero de 1970) y estuvo emplazado de forma sucesiva en el \u201cPalacio de Teodomiro\u201d, en el Hospital Municipal, en el Palacio de Rubalcava y, desde 1997, en su sede actual de la iglesia de San Juan de Dios, templo construido a mediados del siglo XVIII.<\/span><\/p>\n<\/div>\n<\/div>\n<\/div>\n<\/div>\n<div class=\" et_pb_row et_pb_row_2\">\n<div class=\"et_pb_column et_pb_column_4_4  et_pb_column_2 et-last-child\">\n<div class=\"et_pb_module et_pb_gallery et_pb_gallery_0 et_pb_gallery_grid et_pb_bg_layout_light clearfix\">\n<div class=\"et_pb_gallery_items et_post_gallery clearfix\" data-per_page=\"3\">\n<div class=\"et_pb_gallery_item et_pb_grid_item et_pb_bg_layout_light\">\u00a0<\/div>\n<\/div>\n<\/div>\n<\/div>\n<\/div>\n<\/div><\/div><div class=\"tatsu-row-wrap  tatsu-row-one-col tatsu-row-has-one-cols tatsu-small-gutter tatsu-reg-cols tatsu-inner-row-wrap  tatsu-clearfix tatsu-AjBxkGC83\" ><style>.tatsu-AjBxkGC83.tatsu-row-wrap > .tatsu-row{padding: 14px 0px 0px 0px;margin-bottom: -33px;background-color: rgba(155,155,155,0.13);}.tatsu-AjBxkGC83 > .tatsu-row{margin-top: 21px;}@media only screen and (max-width: 767px) {.tatsu-AjBxkGC83 > .tatsu-row{margin-top: 0px;}.tatsu-AjBxkGC83.tatsu-row-wrap > .tatsu-row{margin-bottom: -55px;}}<\/style><div  class=\"tatsu-row \" ><div  class=\"tatsu-column  tatsu-bg-overlay tatsu-one-col tatsu-column-image- tatsu-column-effect-  tatsu-LSw1N8ZTYv\"  data-parallax-speed=\"0\" style=\"\"><div class=\"tatsu-column-inner \" ><div class=\"tatsu-column-pad-wrap\"><div class=\"tatsu-column-pad\" ><div  class=\"tatsu-module tatsu-text-block-wrap tatsu-d2E-A9chQo  \"><div class=\"tatsu-text-inner tatsu-align-center  clearfix\" ><style>.tatsu-d2E-A9chQo.tatsu-text-block-wrap .tatsu-text-inner{width: 100%;text-align: left;}.tatsu-d2E-A9chQo.tatsu-text-block-wrap{margin: 0px 0px 0px 0px;}@media only screen and (max-width: 767px) {.tatsu-d2E-A9chQo.tatsu-text-block-wrap{margin: 0px 0px 8px 0px;}}<\/style>\n<h5 style=\"text-align: center;\">UBICACI\u00d3N<\/h5>\n<\/div><\/div><\/div><\/div><div class = \"tatsu-column-bg-image-wrap\"><div class = \"tatsu-column-bg-image tatsu-bg-lazyload\" data-src = \"\"><\/div><\/div><div class=\"tatsu-overlay tatsu-column-overlay tatsu-animate-none\" ><\/div><\/div><style>.tatsu-row > .tatsu-LSw1N8ZTYv.tatsu-column{width: 100%;}.tatsu-LSw1N8ZTYv.tatsu-column > .tatsu-column-inner > .tatsu-column-overlay{mix-blend-mode: normal;}.tatsu-LSw1N8ZTYv > .tatsu-column-inner > .tatsu-top-divider{z-index: 9999;}.tatsu-LSw1N8ZTYv > .tatsu-column-inner > .tatsu-bottom-divider{z-index: 9999;}.tatsu-LSw1N8ZTYv > .tatsu-column-inner > .tatsu-left-divider{z-index: 9999;}.tatsu-LSw1N8ZTYv > .tatsu-column-inner > .tatsu-right-divider{z-index: 9999;}@media only screen and (max-width:1377px) {.tatsu-row > .tatsu-LSw1N8ZTYv.tatsu-column{width: 100%;}}@media only screen and (min-width:768px) and (max-width: 1024px) {.tatsu-row > .tatsu-LSw1N8ZTYv.tatsu-column{width: 100%;}}@media only screen and (max-width: 767px) {.tatsu-row > .tatsu-LSw1N8ZTYv.tatsu-column{width: 100%;}}<\/style><\/div><\/div><\/div><div  class=\"tatsu-module tatsu-text-block-wrap tatsu-fI2VcbkhI  \"><div class=\"tatsu-text-inner tatsu-align-center  clearfix\" ><style>.tatsu-fI2VcbkhI.tatsu-text-block-wrap .tatsu-text-inner{width: 100%;text-align: left;}.tatsu-fI2VcbkhI.tatsu-text-block-wrap{margin: 4px 0px 30px 0px;}<\/style>\n<p><iframe loading=\"lazy\" style=\"border: 0;\" src=\"https:\/\/www.google.com\/maps\/embed?pb=!1m18!1m12!1m3!1d785.0775336217248!2d-0.9503717937754199!3d38.08644431886675!2m3!1f0!2f0!3f0!3m2!1i1024!2i768!4f13.1!3m3!1m2!1s0xd63991bce8bbe81%3A0xb88ae780d812991a!2sCl.%20Hospital%2C%203%2C%2003300%20Orihuela%2C%20Alicante!5e0!3m2!1ses!2ses!4v1631527881309!5m2!1ses!2ses\" width=\"600\" height=\"450\" allowfullscreen=\"allowfullscreen\"><\/iframe><\/p>\n<\/div><\/div><\/div><\/div><div class = \"tatsu-column-bg-image-wrap\"><div class = \"tatsu-column-bg-image tatsu-bg-lazyload\" data-src = \"\"><\/div><\/div><div class=\"tatsu-overlay tatsu-column-overlay tatsu-animate-none\" ><\/div><\/div><style>.tatsu-row > .tatsu-d3irDLdAg.tatsu-column{width: 54.75%;}.tatsu-d3irDLdAg.tatsu-column > .tatsu-column-inner > .tatsu-column-overlay{mix-blend-mode: normal;}.tatsu-d3irDLdAg > .tatsu-column-inner > .tatsu-top-divider{z-index: 9999;}.tatsu-d3irDLdAg > .tatsu-column-inner > .tatsu-bottom-divider{z-index: 9999;}.tatsu-d3irDLdAg > .tatsu-column-inner > .tatsu-left-divider{z-index: 9999;}.tatsu-d3irDLdAg > .tatsu-column-inner > .tatsu-right-divider{z-index: 9999;}@media only screen and (max-width:1377px) {.tatsu-row > .tatsu-d3irDLdAg.tatsu-column{width: 50%;}}@media only screen and (min-width:768px) and (max-width: 1024px) {.tatsu-row > .tatsu-d3irDLdAg.tatsu-column{width: 50%;}}@media only screen and (max-width: 767px) {.tatsu-row > .tatsu-d3irDLdAg.tatsu-column{width: 100%;}}<\/style><\/div><div  class=\"tatsu-column  tatsu-bg-overlay tatsu-one-half tatsu-animate tatsu-column-image-none tatsu-column-effect-none  tatsu-jQzH4qK8by\" data-animation=\"bounceInRight\" data-animation-delay=\"1045\"  data-parallax-speed=\"0\" style=\"\"><div class=\"tatsu-column-inner \" ><div class = \"tatsu-shape-divider tatsu-left-divider\"><?xml version=\"1.0\" encoding=\"UTF-8\"?>\r\n<svg width=\"120px\" height=\"1080px\" preserveAspectRatio=\"none\" viewBox=\"0 0 120 1080\" version=\"1.1\" xmlns=\"http:\/\/www.w3.org\/2000\/svg\" xmlns:xlink=\"http:\/\/www.w3.org\/1999\/xlink\">\r\n    <!-- Generator: Sketch 48.1 (47250) - http:\/\/www.bohemiancoding.com\/sketch -->\r\n    <title>Shape<\/title>\r\n    <desc>Created with Sketch.<\/desc>\r\n    <defs><\/defs>\r\n    <g id=\"Page-1\" stroke=\"none\" stroke-width=\"1\" fill-rule=\"evenodd\">\r\n        <g id=\"slope-2\" fill-rule=\"nonzero\">\r\n            <g id=\"slope\" transform=\"translate(60.000000, 540.000000) rotate(-90.000000) translate(-60.000000, -540.000000) translate(-480.000000, 480.000000)\">\r\n                <g id=\"Shape\" transform=\"translate(540.000000, 60.000000) rotate(-90.000000) translate(-540.000000, -60.000000) translate(480.000000, -480.000000)\">\r\n                    <polygon transform=\"translate(60.000000, 540.000000) scale(-1, 1) translate(-60.000000, -540.000000) \" points=\"0 0 120 1080 0 1080\"><\/polygon>\r\n                <\/g>\r\n            <\/g>\r\n        <\/g>\r\n    <\/g>\r\n<\/svg><\/div><div class=\"tatsu-column-pad-wrap\"><div class=\"tatsu-column-pad\" ><div  class=\"tatsu-module tatsu-text-block-wrap tatsu-k6RPUcQ4U  \"><div class=\"tatsu-text-inner tatsu-align-center  clearfix\" ><style>.tatsu-k6RPUcQ4U.tatsu-text-block-wrap .tatsu-text-inner{width: 100%;text-align: left;}<\/style>\n<h3 style=\"text-align: right;\">V\u00eddeo<\/h3>\n<hr \/>\n<\/div><\/div><div  class=\"tatsu-module tatsu-text-block-wrap tatsu-KrPRYYe8A  \"><div class=\"tatsu-text-inner tatsu-align-center  clearfix\" ><style>.tatsu-KrPRYYe8A.tatsu-text-block-wrap .tatsu-text-inner{width: 100%;text-align: left;}<\/style><iframe loading=\"lazy\" title=\"MUSEO ARQUEOL\u00d3GICO COMARCAL SAN JUAN DE DIOS ESP\" width=\"1160\" height=\"653\" src=\"https:\/\/www.youtube.com\/embed\/DiWFKUPv_EQ?feature=oembed\" frameborder=\"0\" allow=\"accelerometer; autoplay; clipboard-write; encrypted-media; gyroscope; picture-in-picture\" allowfullscreen><\/iframe><\/div><\/div><div  class=\"tatsu-module tatsu-text-block-wrap tatsu-v4qntRmxc  \"><div class=\"tatsu-text-inner tatsu-align-center  clearfix\" ><style>.tatsu-v4qntRmxc.tatsu-text-block-wrap .tatsu-text-inner{width: 100%;text-align: left;}<\/style>\n<h3 style=\"text-align: right;\">Im\u00e1genes<\/h3>\n<hr \/>\n<\/div><\/div><div  class=\"tatsu-gallery-wrap tatsu-gallery-module tatsu-module 0 tatsu-UQW5u8m-h   \" ><div class=\"gallery   style1-hover masonry_enable \"  ><div class=\"gallery-container be-grid be-row be-cols-1 clickable clearfix  \" data-aspect-ratio=\"1.6\" data-animation-target = \".gallery-thumb-img-wrap\" data-cols=\"1\" data-scroll-reveal = \"1\" data-animation = \"fadeIn\" data-gutter=\"10\" data-layout = \"masonry\" ><div class=\"gallery-cell be-col be-hoverlay  not-wide no-wide-width-height style1-hover \" ><div class=\"gallery-cell-inner\"\"><a data-thumb = \"https:\/\/cultura.orihuela.es\/wp-content\/uploads\/2020\/03\/4.MUSEOARQUEOLO\u0301GICOCOMARCALSANJUANDEDIOS-150x150.jpg\" href=\"https:\/\/cultura.orihuela.es\/wp-content\/uploads\/2020\/03\/4.MUSEOARQUEOLO\u0301GICOCOMARCALSANJUANDEDIOS.jpg\"  class=\"thumb-anchor mobx  \" data-rel=\"my-galleryUQW5u8m-h\" title=\"\"><div class=\"thumb-wrap\"><div style = \"padding-bottom : 160%;\" class=\"gallery-thumb-img-wrap be-grid-placeholder none-effect\" data-aspect-ratio=\"0.63\" ><img decoding=\"async\" class=\"\"  src=\"https:\/\/cultura.orihuela.es\/wp-content\/uploads\/2020\/03\/4.MUSEOARQUEOLO\u0301GICOCOMARCALSANJUANDEDIOS.jpg\" alt=\"\" \/><\/div><\/div><div class=\"thumb-overlay\"><div class=\"thumb-bg\"><div class=\"thumb-title-wrap display-table-cell vertical-align-middle align-center fadeIn animated\"><\/div><\/div><\/div><\/a><\/div><\/div><div class=\"gallery-cell be-col be-hoverlay  not-wide no-wide-width-height style1-hover \" ><div class=\"gallery-cell-inner\"\"><a data-thumb = \"https:\/\/cultura.orihuela.es\/wp-content\/uploads\/2020\/03\/3.MUSEOARQUEOLOGICOCOMARCALSANJUANDEDIOS-150x150.jpg\" href=\"https:\/\/cultura.orihuela.es\/wp-content\/uploads\/2020\/03\/3.MUSEOARQUEOLOGICOCOMARCALSANJUANDEDIOS.jpg\"  class=\"thumb-anchor mobx  \" data-rel=\"my-galleryUQW5u8m-h\" title=\"\"><div class=\"thumb-wrap\"><div style = \"padding-bottom : 66.510416666667%;\" class=\"gallery-thumb-img-wrap be-grid-placeholder none-effect\" data-aspect-ratio=\"1.5\" ><img decoding=\"async\" class=\"\"  src=\"https:\/\/cultura.orihuela.es\/wp-content\/uploads\/2020\/03\/3.MUSEOARQUEOLOGICOCOMARCALSANJUANDEDIOS.jpg\" alt=\"\" \/><\/div><\/div><div class=\"thumb-overlay\"><div class=\"thumb-bg\"><div class=\"thumb-title-wrap display-table-cell vertical-align-middle align-center fadeIn animated\"><\/div><\/div><\/div><\/a><\/div><\/div><div class=\"gallery-cell be-col be-hoverlay  not-wide no-wide-width-height style1-hover \" ><div class=\"gallery-cell-inner\"\"><a data-thumb = \"https:\/\/cultura.orihuela.es\/wp-content\/uploads\/2020\/03\/6.MUSEOARQUEOLOGICOCOMARCALSANJUANDEDIOS-150x150.jpg\" href=\"https:\/\/cultura.orihuela.es\/wp-content\/uploads\/2020\/03\/6.MUSEOARQUEOLOGICOCOMARCALSANJUANDEDIOS.jpg\"  class=\"thumb-anchor mobx  \" data-rel=\"my-galleryUQW5u8m-h\" title=\"\"><div class=\"thumb-wrap\"><div style = \"padding-bottom : 66.510416666667%;\" class=\"gallery-thumb-img-wrap be-grid-placeholder none-effect\" data-aspect-ratio=\"1.5\" ><img decoding=\"async\" class=\"\"  src=\"https:\/\/cultura.orihuela.es\/wp-content\/uploads\/2020\/03\/6.MUSEOARQUEOLOGICOCOMARCALSANJUANDEDIOS.jpg\" alt=\"\" \/><\/div><\/div><div class=\"thumb-overlay\"><div class=\"thumb-bg\"><div class=\"thumb-title-wrap display-table-cell vertical-align-middle align-center fadeIn animated\"><\/div><\/div><\/div><\/a><\/div><\/div><\/div><\/div><style>.tatsu-UQW5u8m-h .gallery-container{margin: 0 -5px;}.tatsu-UQW5u8m-h .gallery-container .gallery-cell.be-col{margin-bottom: 10px;}.tatsu-UQW5u8m-h .gallery-container .gallery-cell.be-col {padding: 0 5px;}.tatsu-UQW5u8m-h.tatsu-gallery-module .gallery-container {margin-bottom: -10px !important;}.tatsu-UQW5u8m-h.tatsu-gallery-module .thumb-title{color: #fff ;}.tatsu-UQW5u8m-h.tatsu-gallery-module .thumb-bg{background-color: rgba(49,50,51,0.43);}.tatsu-UQW5u8m-h.tatsu-gallery-module .gallery-thumb-img-wrap{background-color: rgba(255,255,255,0.39);}<\/style><\/div><\/div><\/div><div class = \"tatsu-column-bg-image-wrap\"><div class = \"tatsu-column-bg-image tatsu-bg-lazyload\" data-src = \"\"><\/div><\/div><div class=\"tatsu-overlay tatsu-column-overlay tatsu-animate-none\" ><\/div><\/div><style>.tatsu-row > .tatsu-jQzH4qK8by.tatsu-column{width: 45.25%;}.tatsu-jQzH4qK8by.tatsu-column > .tatsu-column-inner{background: linear-gradient(270deg, rgba(255,255,255,1) 0%, rgba(0,0,0,0.05) 100%);}.tatsu-jQzH4qK8by.tatsu-column > .tatsu-column-inner > .tatsu-column-pad-wrap > .tatsu-column-pad{padding: 30px 30px 30px 49px;}.tatsu-jQzH4qK8by.tatsu-column > .tatsu-column-inner > .tatsu-column-overlay{mix-blend-mode: normal;}.tatsu-jQzH4qK8by .tatsu-left-divider{width: 39px;color: #ffffff ;}.tatsu-jQzH4qK8by > .tatsu-column-inner > .tatsu-top-divider{z-index: 9999;}.tatsu-jQzH4qK8by > .tatsu-column-inner > .tatsu-bottom-divider{z-index: 9999;}.tatsu-jQzH4qK8by > .tatsu-column-inner > .tatsu-left-divider{z-index: 9999;}.tatsu-jQzH4qK8by > .tatsu-column-inner > .tatsu-right-divider{z-index: 9999;}@media only screen and (max-width:1377px) {.tatsu-row > .tatsu-jQzH4qK8by.tatsu-column{width: 50%;}}@media only screen and (min-width:768px) and (max-width: 1024px) {.tatsu-row > .tatsu-jQzH4qK8by.tatsu-column{width: 50%;}}@media only screen and (max-width: 767px) {.tatsu-row > .tatsu-jQzH4qK8by.tatsu-column{width: 100%;}}<\/style><\/div><\/div><\/div><\/div><div class=\"tatsu-section-background-wrap\"><div class = \"tatsu-section-background tatsu-bg-lazyload\" data-src = \"\"><\/div><\/div><div class=\"tatsu-overlay tatsu-section-overlay\"><\/div><style>.tatsu-X2iik93dEn.tatsu-section{background-color: rgba(255,255,255,1);}.tatsu-X2iik93dEn .tatsu-section-pad{padding: 1px 0px 90px 0px;}.tatsu-X2iik93dEn .tatsu-section-offset-wrap{transform: translateY(-0px);}.tatsu-X2iik93dEn > .tatsu-bottom-divider{z-index: 9999;}.tatsu-X2iik93dEn > .tatsu-top-divider{z-index: 9999;}.tatsu-X2iik93dEn .tatsu-section-overlay{mix-blend-mode: normal;}<\/style><\/div>\n","protected":false},"excerpt":{"rendered":"<p><a href=\"https:\/\/cultura.orihuela.es\/?page_id=215618\" class=\"exp-read-more exp-read-more-dots\">&#8230;<\/a><\/p>\n","protected":false},"author":1,"featured_media":215624,"parent":0,"menu_order":0,"comment_status":"open","ping_status":"open","template":"","meta":{"footnotes":""},"yst_prominent_words":[1933,1935,1931,1936,1930,1932,1934,1315,981,1929,526,1365,852,1508,1937],"class_list":["post-215618","page","type-page","status-publish","has-post-thumbnail","hentry"],"_links":{"self":[{"href":"https:\/\/cultura.orihuela.es\/index.php?rest_route=\/wp\/v2\/pages\/215618","targetHints":{"allow":["GET"]}}],"collection":[{"href":"https:\/\/cultura.orihuela.es\/index.php?rest_route=\/wp\/v2\/pages"}],"about":[{"href":"https:\/\/cultura.orihuela.es\/index.php?rest_route=\/wp\/v2\/types\/page"}],"author":[{"embeddable":true,"href":"https:\/\/cultura.orihuela.es\/index.php?rest_route=\/wp\/v2\/users\/1"}],"replies":[{"embeddable":true,"href":"https:\/\/cultura.orihuela.es\/index.php?rest_route=%2Fwp%2Fv2%2Fcomments&post=215618"}],"version-history":[{"count":12,"href":"https:\/\/cultura.orihuela.es\/index.php?rest_route=\/wp\/v2\/pages\/215618\/revisions"}],"predecessor-version":[{"id":217659,"href":"https:\/\/cultura.orihuela.es\/index.php?rest_route=\/wp\/v2\/pages\/215618\/revisions\/217659"}],"wp:featuredmedia":[{"embeddable":true,"href":"https:\/\/cultura.orihuela.es\/index.php?rest_route=\/wp\/v2\/media\/215624"}],"wp:attachment":[{"href":"https:\/\/cultura.orihuela.es\/index.php?rest_route=%2Fwp%2Fv2%2Fmedia&parent=215618"}],"wp:term":[{"taxonomy":"yst_prominent_words","embeddable":true,"href":"https:\/\/cultura.orihuela.es\/index.php?rest_route=%2Fwp%2Fv2%2Fyst_prominent_words&post=215618"}],"curies":[{"name":"wp","href":"https:\/\/api.w.org\/{rel}","templated":true}]}}