{"id":215549,"date":"2020-03-04T15:48:35","date_gmt":"2020-03-04T15:48:35","guid":{"rendered":"https:\/\/culturaorihuela.com\/?page_id=215549"},"modified":"2024-09-20T14:43:14","modified_gmt":"2024-09-20T13:43:14","slug":"museo-fundacion-pedrera","status":"publish","type":"page","link":"https:\/\/cultura.orihuela.es\/?page_id=215549","title":{"rendered":"Museo Fundaci\u00f3n Pedrera"},"content":{"rendered":"<div  class=\"tatsu-FsfWxCiBv tatsu-section  tatsu-bg-overlay   tatsu-clearfix\" data-title=\"\"  data-headerscheme=\"background--dark\"><div class='tatsu-section-pad clearfix' data-padding='{\"d\":\"73px 0px 90px 0px\"}' data-padding-top='73px'><div class=\"tatsu-row-wrap  tatsu-wrap tatsu-row-one-col tatsu-row-has-one-cols tatsu-medium-gutter tatsu-reg-cols  tatsu-clearfix tatsu-P7Q-3P0Tmk\" ><div  class=\"tatsu-row \" ><div  class=\"tatsu-column  tatsu-column-no-bg tatsu-one-col tatsu-column-image-none tatsu-column-effect-none  tatsu-5C3qiv6bu\"  data-parallax-speed=\"0\" style=\"\"><div class=\"tatsu-column-inner \" ><div class=\"tatsu-column-pad-wrap\"><div class=\"tatsu-column-pad\" ><div  class=\"tatsu-single-image tatsu-module align-center tatsu-image-lazyload tatsu-814enWqjv  \" ><div class=\"tatsu-single-image-inner \" style=\"width : 262px;\" ><div class = \"tatsu-single-image-padding-wrap\" style = \"padding-bottom : 125.19083969466%;\" ><\/div><img class = \"tatsu-gradient-border\" alt = \"\" title = \"museo-diocesano-1\" data-src = \"https:\/\/cultura.orihuela.es\/wp-content\/uploads\/2020\/03\/museo-diocesano-1.png\" src =\"data:image\/png;base64,iVBORw0KGgoAAAANSUhEUgAAAAEAAAABCAQAAAC1HAwCAAAAC0lEQVR42mNkYAAAAAYAAjCB0C8AAAAASUVORK5CYII=\"  \/><\/div><style>.tatsu-814enWqjv{margin: 0px 0px 0px 0px;padding: 2px 0px 0px 0px;}.tatsu-814enWqjv .tatsu-single-image-inner{border-style: solid;max-width: 32%;}.tatsu-814enWqjv.tatsu-single-image{transform: translate3d(0px,0px, 0);}<\/style><\/div><\/div><\/div><div class = \"tatsu-column-bg-image-wrap\"><div class = \"tatsu-column-bg-image tatsu-bg-lazyload\" data-src = \"\"><\/div><\/div><\/div><style>.tatsu-row > .tatsu-5C3qiv6bu.tatsu-column{width: 100%;}.tatsu-5C3qiv6bu.tatsu-column > .tatsu-column-inner > .tatsu-column-overlay{mix-blend-mode: none;}.tatsu-5C3qiv6bu > .tatsu-column-inner > .tatsu-top-divider{z-index: 9999;}.tatsu-5C3qiv6bu > .tatsu-column-inner > .tatsu-bottom-divider{z-index: 9999;}.tatsu-5C3qiv6bu > .tatsu-column-inner > .tatsu-left-divider{z-index: 9999;}.tatsu-5C3qiv6bu > .tatsu-column-inner > .tatsu-right-divider{z-index: 9999;}@media only screen and (max-width:1377px) {.tatsu-row > .tatsu-5C3qiv6bu.tatsu-column{width: 100%;}}@media only screen and (min-width:768px) and (max-width: 1024px) {.tatsu-row > .tatsu-5C3qiv6bu.tatsu-column{width: 100%;}}@media only screen and (max-width: 767px) {.tatsu-row > .tatsu-5C3qiv6bu.tatsu-column{width: 100%;}}<\/style><\/div><\/div><\/div><\/div><div class=\"tatsu-section-background-wrap\"><div class = \"tatsu-bg-blur\" style = \"background-image : url(data:image\/jpeg;base64,\/9j\/4AAQSkZJRgABAQAAAQABAAD\/4QAYRXhpZgAASUkqAAgAAAAAAAAAAAAAAP\/hAxRodHRwOi8vbnMuYWRvYmUuY29tL3hhcC8xLjAvADw\/eHBhY2tldCBiZWdpbj0i77u\/IiBpZD0iVzVNME1wQ2VoaUh6cmVTek5UY3prYzlkIj8+IDx4OnhtcG1ldGEgeG1sbnM6eD0iYWRvYmU6bnM6bWV0YS8iIHg6eG1wdGs9IkFkb2JlIFhNUCBDb3JlIDUuNi1jMTQwIDc5LjE2MDQ1MSwgMjAxNy8wNS8wNi0wMTowODoyMSAgICAgICAgIj4gPHJkZjpSREYgeG1sbnM6cmRmPSJodHRwOi8vd3d3LnczLm9yZy8xOTk5LzAyLzIyLXJkZi1zeW50YXgtbnMjIj4gPHJkZjpEZXNjcmlwdGlvbiByZGY6YWJvdXQ9IiIgeG1sbnM6eG1wTU09Imh0dHA6Ly9ucy5hZG9iZS5jb20veGFwLzEuMC9tbS8iIHhtbG5zOnN0UmVmPSJodHRwOi8vbnMuYWRvYmUuY29tL3hhcC8xLjAvc1R5cGUvUmVzb3VyY2VSZWYjIiB4bWxuczp4bXA9Imh0dHA6Ly9ucy5hZG9iZS5jb20veGFwLzEuMC8iIHhtcE1NOkRvY3VtZW50SUQ9InhtcC5kaWQ6RjY5NDQzQzM1NjUxMTFFQUFDMUJGQkQyNTlEQzM4QjgiIHhtcE1NOkluc3RhbmNlSUQ9InhtcC5paWQ6RjY5NDQzQzI1NjUxMTFFQUFDMUJGQkQyNTlEQzM4QjgiIHhtcDpDcmVhdG9yVG9vbD0iMTAuMy4xIj4gPHhtcE1NOkRlcml2ZWRGcm9tIHN0UmVmOmluc3RhbmNlSUQ9InhtcC5paWQ6MDZGODEzRDZERTdGMTFFNzgzNUNBRUY5OUY4N0IxMEIiIHN0UmVmOmRvY3VtZW50SUQ9InhtcC5kaWQ6MDZGODEzRDdERTdGMTFFNzgzNUNBRUY5OUY4N0IxMEIiLz4gPC9yZGY6RGVzY3JpcHRpb24+IDwvcmRmOlJERj4gPC94OnhtcG1ldGE+IDw\/eHBhY2tldCBlbmQ9InIiPz7\/2wBDAAYEBAUEBAYFBQUGBgYHCQ4JCQgICRINDQoOFRIWFhUSFBQXGiEcFxgfGRQUHScdHyIjJSUlFhwpLCgkKyEkJST\/2wBDAQYGBgkICREJCREkGBQYJCQkJCQkJCQkJCQkJCQkJCQkJCQkJCQkJCQkJCQkJCQkJCQkJCQkJCQkJCQkJCQkJCT\/wAARCAAmADIDAREAAhEBAxEB\/8QAGQAAAwEBAQAAAAAAAAAAAAAABAUHBgMB\/8QALhAAAgEDAwMCBQMFAAAAAAAAAQIDAAQRBRIhBjFBE2EUIiNRgQdC0TJicZGx\/8QAGgEAAwEBAQEAAAAAAAAAAAAAAgMEBQEABv\/EACMRAAICAgICAgMBAAAAAAAAAAECABEDEgQhMUETIhRRcYH\/2gAMAwEAAhEDEQA\/AJ5rWnLqEjMsWFQdxwWx\/FZHHxvrsJrcnIm+pgOkSDTdRh+Lj3Qo4Lf3LnkU7YMOoiipoyzQdfm5jVbF44YAWZIoRtRc+Mfk\/ms\/KGY\/aWY1UCEz9YSx2UtvNegwNujkDH5WUj5j27nkfmuYyy+J10U9yHdXX9vqOs3LafEI4ZJCY407D2HtmtJPFtI2PdCMOlNCS1dZpxukPPPiouTlLdCWcbDXZm5DqABWdRmnMdf9XM1lFpL20W22kYxzDIbDZypHY5Jzn2FfScfIRiE+Z5S3mNzpp0NrfxBJwMFeD9qzTe9Ka7mlQ02I9QrR7SKzvES7aBLZn2mV2OAD5wBntRMS\/QPcAAILI6mh6uXp6C0gg0i4hn3fLhwVbPg5xQKmSyxnfkStaFzGrYwaZHHNNEjXE83pjnIUY70RYuTR6E8FCVY7Jg2r6peWMIFk0aO2SXYZx\/gUKIrH7RmR2UfWKYutdXMSFrgE7Rk7R\/FUHiJcQOZkrzE17qHqzGQZAZiee9WYl1UAyDO2zkiPotW9DTVYcExgd\/ap\/wAc77Sr8kaaj9Qiz1sak8MMh2qr4PPc4NOw4NXuJzcjfHrLF+remabpOhNa2qbVsRBJDiP+kllDc+M5NWZcQ1NCRYXYMO5FrzqI3CqhU\/TmBPNZo49f7NNuTt68RdrusgFFK54OMEUSccg3BblCqmbW6faMFcY45qrSS\/JPLicKQCfNdQQX7MNhlmvIljQFUAALGgJAhhSY40tI7F0kw\/Dhs8nmhXIbhNjFSpdY9QDWOlpL2SRmlv2VCuONqkH\/AKtG\/IJYiCmAAAyR3qtDFMUUks4fFLVrq4ZWriySeO7A38sPB7im9iK\/s5\/BQe\/+69sZ7WeWVrv+u5Bz7ULN6jAvuO7SMM+z9o7+9IYxyrDJbiODGVb7cUCgmGxAnd76WW2SNi2wcgZziiMGA3ZEkWeRg1xejOt2Inu7IOPUQ7WHn709X\/cSyRd8RKP3U2L1n\/\/Z);\"\"><\/div><div class = \"tatsu-section-background tatsu-bg-lazyload\" data-src = \"https:\/\/cultura.orihuela.es\/wp-content\/uploads\/2020\/03\/fundacion-pedrera.jpg\"><\/div><\/div><div class=\"tatsu-overlay tatsu-section-overlay\"><\/div><div class = \"tatsu-shape-divider tatsu-bottom-divider\"><svg xmlns=\"http:\/\/www.w3.org\/2000\/svg\" preserveAspectRatio=\"none\" viewBox=\"0 0 1920 120\">\r\n  <polygon fill-rule=\"evenodd\" points=\"0 0 1920 120 0 120\"\/>\r\n<\/svg>\r\n<\/div><style>.tatsu-FsfWxCiBv.tatsu-section{background-color: #f2eeed;z-index: 3;}.tatsu-FsfWxCiBv .tatsu-section-background{background-image: url(https:\/\/cultura.orihuela.es\/wp-content\/uploads\/2020\/03\/fundacion-pedrera.jpg);background-repeat: no-repeat;background-attachment: scroll;background-position: center center;background-size: cover;}.tatsu-FsfWxCiBv .tatsu-bg-blur{background-repeat: no-repeat;background-attachment: scroll;background-position: center center;background-size: cover;}.tatsu-FsfWxCiBv .tatsu-section-pad{padding: 73px 0px 90px 0px;}.tatsu-FsfWxCiBv > .tatsu-bottom-divider{height: 100px;color: #ffffff ;z-index: 9999;}.tatsu-FsfWxCiBv > .tatsu-top-divider{z-index: 9999;}.tatsu-FsfWxCiBv .tatsu-section-overlay{background: linear-gradient(180deg, rgba(255,255,255,0.74) 0%, rgba(0,0,0,0) 100%);mix-blend-mode: screen;}<\/style><\/div><div  class=\"tatsu-X2iik93dEn tatsu-section  tatsu-bg-overlay   tatsu-clearfix\" data-title=\"\"  data-headerscheme=\"background--dark\"><div class='tatsu-section-pad clearfix' data-padding='{\"d\":\"1px 0px 90px 0px\"}' data-padding-top='1px'><div class=\"tatsu-row-wrap  tatsu-wrap tatsu-row-has-one-half tatsu-row-has-two-cols tatsu-medium-gutter tatsu-reg-cols  tatsu-clearfix tatsu-7T_cfpq3o-\" ><div  class=\"tatsu-row \" ><div  class=\"tatsu-column  tatsu-bg-overlay tatsu-one-half tatsu-animate tatsu-column-image-none tatsu-column-effect-none  tatsu-d3irDLdAg\" data-animation=\"slideInLeft\" data-animation-delay=\"1348\"  data-parallax-speed=\"0\" style=\"\"><div class=\"tatsu-column-inner \" ><div class=\"tatsu-column-pad-wrap\"><div class=\"tatsu-column-pad\" ><div  class = \"tatsu-special-heading-wrap  tatsu-w0yZ5unPo \"  \"  ><style>.tatsu-w0yZ5unPo.tatsu-special-heading-wrap{font-size: 33px;margin: 0px 0px 20px 0px;text-align: left;}.tatsu-w0yZ5unPo.tatsu-special-heading-wrap .tatsu-title{letter-spacing: 0px;}.tatsu-w0yZ5unPo.tatsu-special-heading-wrap .tatsu-border{background: #9E9E9E;}<\/style><div class = \"special-heading-inner-wrap tatsu-border-style1 tatsu-expand\" ><div class = \"tatsu-border\" ><\/div><h6 class = \"tatsu-title\">Museo Fundaci\u00f3n Pedrera<\/h6><\/div><\/div><div  class=\"tatsu-module tatsu-text-block-wrap tatsu-gbwa2n3d2dgcx8sr  \"><div class=\"tatsu-text-inner tatsu-align-center  clearfix\" ><style>.tatsu-gbwa2n3d2dgcx8sr.tatsu-text-block-wrap .tatsu-text-inner{width: 100%;text-align: left;}<\/style>\n<p><strong><span style=\"color: #000000;\">C\/ Doctor Sarget n\u00ba 5<\/span><\/strong><\/p>\n<p><span style=\"color: #000000;\"><strong>Actualmente el Museo Fundaci\u00f3n Pedrera permanece cerrado al p\u00fablico. Disculpen las molestias.<\/strong><\/span><\/p>\n<\/div><\/div><div  class=\"tatsu-module tatsu-text-block-wrap tatsu-FigAYPKtb  \"><div class=\"tatsu-text-inner tatsu-align-center  clearfix\" ><style>.tatsu-FigAYPKtb.tatsu-text-block-wrap .tatsu-text-inner{width: 100%;text-align: left;}<\/style>\n<p><span style=\"color: #000000;\">El museo se encuentra ubicado en el Palacio de Sorzano de Tejada en un edificio del siglo XVIII.<\/span><\/p>\n<p><span style=\"color: #000000;\">Su fachada tiene la consideraci\u00f3n de Bien de Inter\u00e9s Cultural (BIC) y entre las 500 obras de su colecci\u00f3n de arte se encuentran esculturas y pinturas de maestros\u00a0\u00a0 como Sorolla, Agrasot, Picasso, Murillo, Zurbar\u00e1n, Goya y Dal\u00ed.<\/span><\/p>\n<div class=\"toPrint\">\n<div class=\"col-md-5 col-sm-12 col-xs-12\">\n<p><span style=\"color: #000000;\">Este palacio fue encargado por el Se\u00f1or del Ilustre Solar de Tejada, Don Mat\u00edas Sorzano de N\u00e1jera que hab\u00eda llegado a Orihuela a fines del siglo XVIII.<\/span><br \/><span style=\"color: #000000;\">En el siglo XX pas\u00f3 a ser propiedad de la Fundaci\u00f3n Pedrera, fundaci\u00f3n privada sin \u00e1nimo de lucro con objetivos educativos y culturales, poseedora de una importante colecci\u00f3n de obras de arte.<\/span><\/p>\n<p><span style=\"color: #000000;\">Recientemente en una de sus dependencias, en la \u00abSala Agrasot\u00bb, se pudo contemplar una magn\u00edfica exposici\u00f3n del pintor oriolano Joaqu\u00edn Agrasot titulada \u00abJoaqu\u00edn Agrasot y Juan. 1836-1919\u00bb.<\/span><\/p>\n<\/div>\n<\/div>\n<\/div><\/div><div  class=\"tatsu-single-image tatsu-module tatsu-image-lazyload tatsu-NtjaYj4_T  \" ><div class=\"tatsu-single-image-inner \" style=\"width : 675px;\" ><div class = \"tatsu-single-image-padding-wrap\" style = \"padding-bottom : 133.33333333333%;\" ><\/div><img class = \"tatsu-gradient-border\" alt = \"\" title = \"PALACIO SORZANO DE TEJADA.MUSEO FUNDACIO\u0301N PEDRERA\" data-src = \"https:\/\/cultura.orihuela.es\/wp-content\/uploads\/2020\/03\/PALACIO-SORZANO-DE-TEJADA.MUSEO-FUNDACIO\u0301N-PEDRERA.jpg\" src =\"data:image\/png;base64,iVBORw0KGgoAAAANSUhEUgAAAAEAAAABCAQAAAC1HAwCAAAAC0lEQVR42mNkYAAAAAYAAjCB0C8AAAAASUVORK5CYII=\"  \/><\/div><style>.tatsu-NtjaYj4_T .tatsu-single-image-inner{border-style: solid;max-width: 100%;}.tatsu-NtjaYj4_T.tatsu-single-image{transform: translate3d(0px,0px, 0);}<\/style><\/div><div class=\"tatsu-row-wrap  tatsu-row-one-col tatsu-row-has-one-cols tatsu-small-gutter tatsu-reg-cols tatsu-inner-row-wrap  tatsu-clearfix tatsu-FnYkPHvdqU\" ><style>.tatsu-FnYkPHvdqU.tatsu-row-wrap > .tatsu-row{padding: 14px 0px 0px 0px;margin-bottom: -13px;background-color: rgba(155,155,155,0.13);}.tatsu-FnYkPHvdqU > .tatsu-row{margin-top: 0px;}@media only screen and (max-width: 767px) {.tatsu-FnYkPHvdqU > .tatsu-row{margin-top: 0px;}.tatsu-FnYkPHvdqU.tatsu-row-wrap > .tatsu-row{margin-bottom: -55px;}}<\/style><div  class=\"tatsu-row \" ><div  class=\"tatsu-column  tatsu-bg-overlay tatsu-one-col tatsu-column-image- tatsu-column-effect-  tatsu-rLFWOPtgA\"  data-parallax-speed=\"0\" style=\"\"><div class=\"tatsu-column-inner \" ><div class=\"tatsu-column-pad-wrap\"><div class=\"tatsu-column-pad\" ><div  class=\"tatsu-module tatsu-text-block-wrap tatsu-HLAHU-T9L  \"><div class=\"tatsu-text-inner tatsu-align-center  clearfix\" ><style>.tatsu-HLAHU-T9L.tatsu-text-block-wrap .tatsu-text-inner{width: 100%;text-align: left;}.tatsu-HLAHU-T9L.tatsu-text-block-wrap{margin: 0px 0px 0px 0px;}@media only screen and (max-width: 767px) {.tatsu-HLAHU-T9L.tatsu-text-block-wrap{margin: 0px 0px 8px 0px;}}<\/style>\n<h5 style=\"text-align: center;\">UBICACI\u00d3N<\/h5>\n<\/div><\/div><\/div><\/div><div class = \"tatsu-column-bg-image-wrap\"><div class = \"tatsu-column-bg-image tatsu-bg-lazyload\" data-src = \"\"><\/div><\/div><div class=\"tatsu-overlay tatsu-column-overlay tatsu-animate-none\" ><\/div><\/div><style>.tatsu-row > .tatsu-rLFWOPtgA.tatsu-column{width: 100%;}.tatsu-rLFWOPtgA.tatsu-column > .tatsu-column-inner > .tatsu-column-overlay{mix-blend-mode: normal;}.tatsu-rLFWOPtgA > .tatsu-column-inner > .tatsu-top-divider{z-index: 9999;}.tatsu-rLFWOPtgA > .tatsu-column-inner > .tatsu-bottom-divider{z-index: 9999;}.tatsu-rLFWOPtgA > .tatsu-column-inner > .tatsu-left-divider{z-index: 9999;}.tatsu-rLFWOPtgA > .tatsu-column-inner > .tatsu-right-divider{z-index: 9999;}@media only screen and (max-width:1377px) {.tatsu-row > .tatsu-rLFWOPtgA.tatsu-column{width: 100%;}}@media only screen and (min-width:768px) and (max-width: 1024px) {.tatsu-row > .tatsu-rLFWOPtgA.tatsu-column{width: 100%;}}@media only screen and (max-width: 767px) {.tatsu-row > .tatsu-rLFWOPtgA.tatsu-column{width: 100%;}}<\/style><\/div><\/div><\/div><div  class=\"tatsu-module tatsu-text-block-wrap tatsu-fI2VcbkhI  \"><div class=\"tatsu-text-inner tatsu-align-center  clearfix\" ><style>.tatsu-fI2VcbkhI.tatsu-text-block-wrap .tatsu-text-inner{width: 100%;text-align: left;}.tatsu-fI2VcbkhI.tatsu-text-block-wrap{margin: 4px 0px 30px 0px;}<\/style>\n<p><iframe loading=\"lazy\" style=\"border: 0;\" src=\"https:\/\/www.google.com\/maps\/embed?pb=!1m14!1m8!1m3!1d12561.393509646903!2d-0.948486!3d38.085554!3m2!1i1024!2i768!4f13.1!3m3!1m2!1s0x0%3A0xc6a63b8055e9e5ac!2sPALACIO%20SORZANO%20DE%20TEJADA!5e0!3m2!1ses!2ses!4v1583366139733!5m2!1ses!2ses\" width=\"100%\" height=\"450\" frameborder=\"0\" allowfullscreen=\"allowfullscreen\"><\/iframe><\/p>\n<\/div><\/div><\/div><\/div><div class = \"tatsu-column-bg-image-wrap\"><div class = \"tatsu-column-bg-image tatsu-bg-lazyload\" data-src = \"\"><\/div><\/div><div class=\"tatsu-overlay tatsu-column-overlay tatsu-animate-none\" ><\/div><\/div><style>.tatsu-row > .tatsu-d3irDLdAg.tatsu-column{width: 54.75%;}.tatsu-d3irDLdAg.tatsu-column > .tatsu-column-inner > .tatsu-column-overlay{mix-blend-mode: normal;}.tatsu-d3irDLdAg > .tatsu-column-inner > .tatsu-top-divider{z-index: 9999;}.tatsu-d3irDLdAg > .tatsu-column-inner > .tatsu-bottom-divider{z-index: 9999;}.tatsu-d3irDLdAg > .tatsu-column-inner > .tatsu-left-divider{z-index: 9999;}.tatsu-d3irDLdAg > .tatsu-column-inner > .tatsu-right-divider{z-index: 9999;}@media only screen and (max-width:1377px) {.tatsu-row > .tatsu-d3irDLdAg.tatsu-column{width: 50%;}}@media only screen and (min-width:768px) and (max-width: 1024px) {.tatsu-row > .tatsu-d3irDLdAg.tatsu-column{width: 50%;}}@media only screen and (max-width: 767px) {.tatsu-row > .tatsu-d3irDLdAg.tatsu-column{width: 100%;}}<\/style><\/div><div  class=\"tatsu-column  tatsu-bg-overlay tatsu-one-half tatsu-animate tatsu-column-image-none tatsu-column-effect-none  tatsu-jQzH4qK8by\" data-animation=\"bounceInRight\" data-animation-delay=\"1045\"  data-parallax-speed=\"0\" style=\"\"><div class=\"tatsu-column-inner \" ><div class = \"tatsu-shape-divider tatsu-left-divider\"><?xml version=\"1.0\" encoding=\"UTF-8\"?>\r\n<svg width=\"120px\" height=\"1080px\" preserveAspectRatio=\"none\" viewBox=\"0 0 120 1080\" version=\"1.1\" xmlns=\"http:\/\/www.w3.org\/2000\/svg\" xmlns:xlink=\"http:\/\/www.w3.org\/1999\/xlink\">\r\n    <!-- Generator: Sketch 48.1 (47250) - http:\/\/www.bohemiancoding.com\/sketch -->\r\n    <title>Shape<\/title>\r\n    <desc>Created with Sketch.<\/desc>\r\n    <defs><\/defs>\r\n    <g id=\"Page-1\" stroke=\"none\" stroke-width=\"1\" fill-rule=\"evenodd\">\r\n        <g id=\"slope-2\" fill-rule=\"nonzero\">\r\n            <g id=\"slope\" transform=\"translate(60.000000, 540.000000) rotate(-90.000000) translate(-60.000000, -540.000000) translate(-480.000000, 480.000000)\">\r\n                <g id=\"Shape\" transform=\"translate(540.000000, 60.000000) rotate(-90.000000) translate(-540.000000, -60.000000) translate(480.000000, -480.000000)\">\r\n                    <polygon transform=\"translate(60.000000, 540.000000) scale(-1, 1) translate(-60.000000, -540.000000) \" points=\"0 0 120 1080 0 1080\"><\/polygon>\r\n                <\/g>\r\n            <\/g>\r\n        <\/g>\r\n    <\/g>\r\n<\/svg><\/div><div class=\"tatsu-column-pad-wrap\"><div class=\"tatsu-column-pad\" ><div  class=\"tatsu-module tatsu-text-block-wrap tatsu-k6RPUcQ4U  \"><div class=\"tatsu-text-inner tatsu-align-center  clearfix\" ><style>.tatsu-k6RPUcQ4U.tatsu-text-block-wrap .tatsu-text-inner{width: 100%;text-align: left;}<\/style>\n<h3 style=\"text-align: right;\">V\u00eddeo<\/h3>\n<hr \/>\n<\/div><\/div><div  class=\"tatsu-module tatsu-text-block-wrap tatsu-zGqyx2bXr  \"><div class=\"tatsu-text-inner tatsu-align-center  clearfix\" ><style>.tatsu-zGqyx2bXr.tatsu-text-block-wrap .tatsu-text-inner{width: 100%;text-align: left;}<\/style><\/div><\/div><div  class=\"tatsu-module tatsu-text-block-wrap tatsu-v4qntRmxc  \"><div class=\"tatsu-text-inner tatsu-align-center  clearfix\" ><style>.tatsu-v4qntRmxc.tatsu-text-block-wrap .tatsu-text-inner{width: 100%;text-align: left;}<\/style>\n<h3 style=\"text-align: right;\">Im\u00e1genes<\/h3>\n<hr \/>\n<\/div><\/div><div  class=\"tatsu-gallery-wrap tatsu-gallery-module tatsu-module 0 tatsu-UQW5u8m-h   \" ><div class=\"gallery   style1-hover masonry_enable \"  ><div class=\"gallery-container be-grid be-row be-cols-1 clickable clearfix  \" data-aspect-ratio=\"1.6\" data-animation-target = \".gallery-thumb-img-wrap\" data-cols=\"1\" data-scroll-reveal = \"1\" data-animation = \"fadeIn\" data-gutter=\"10\" data-layout = \"masonry\" ><div class=\"gallery-cell be-col be-hoverlay  not-wide no-wide-width-height style1-hover \" ><div class=\"gallery-cell-inner\"\"><a data-thumb = \"https:\/\/cultura.orihuela.es\/wp-content\/uploads\/2020\/03\/2-MUSEO_FUNDACION_PEDRERA_ORIHUELATURISTICA-150x150.jpg\" href=\"https:\/\/cultura.orihuela.es\/wp-content\/uploads\/2020\/03\/2-MUSEO_FUNDACION_PEDRERA_ORIHUELATURISTICA.jpg\"  class=\"thumb-anchor mobx  \" data-rel=\"my-galleryUQW5u8m-h\" title=\"\"><div class=\"thumb-wrap\"><div style = \"padding-bottom : 75%;\" class=\"gallery-thumb-img-wrap be-grid-placeholder none-effect\" data-aspect-ratio=\"1.33\" ><img decoding=\"async\" class=\"\"  src=\"https:\/\/cultura.orihuela.es\/wp-content\/uploads\/2020\/03\/2-MUSEO_FUNDACION_PEDRERA_ORIHUELATURISTICA.jpg\" alt=\"\" \/><\/div><\/div><div class=\"thumb-overlay\"><div class=\"thumb-bg\"><div class=\"thumb-title-wrap display-table-cell vertical-align-middle align-center fadeIn animated\"><\/div><\/div><\/div><\/a><\/div><\/div><div class=\"gallery-cell be-col be-hoverlay  not-wide no-wide-width-height style1-hover \" ><div class=\"gallery-cell-inner\"\"><a data-thumb = \"https:\/\/cultura.orihuela.es\/wp-content\/uploads\/2020\/03\/PHOTO-2018-06-12-17-53-02-150x150.jpg\" href=\"https:\/\/cultura.orihuela.es\/wp-content\/uploads\/2020\/03\/PHOTO-2018-06-12-17-53-02.jpg\"  class=\"thumb-anchor mobx  \" data-rel=\"my-galleryUQW5u8m-h\" title=\"\"><div class=\"thumb-wrap\"><div style = \"padding-bottom : 66.69921875%;\" class=\"gallery-thumb-img-wrap be-grid-placeholder none-effect\" data-aspect-ratio=\"1.5\" ><img decoding=\"async\" class=\"\"  src=\"https:\/\/cultura.orihuela.es\/wp-content\/uploads\/2020\/03\/PHOTO-2018-06-12-17-53-02.jpg\" alt=\"\" \/><\/div><\/div><div class=\"thumb-overlay\"><div class=\"thumb-bg\"><div class=\"thumb-title-wrap display-table-cell vertical-align-middle align-center fadeIn animated\"><\/div><\/div><\/div><\/a><\/div><\/div><div class=\"gallery-cell be-col be-hoverlay  not-wide no-wide-width-height style1-hover \" ><div class=\"gallery-cell-inner\"\"><a data-thumb = \"https:\/\/cultura.orihuela.es\/wp-content\/uploads\/2020\/03\/PHOTO-2018-06-12-17-53-02-3-150x150.jpg\" href=\"https:\/\/cultura.orihuela.es\/wp-content\/uploads\/2020\/03\/PHOTO-2018-06-12-17-53-02-3.jpg\"  class=\"thumb-anchor mobx  \" data-rel=\"my-galleryUQW5u8m-h\" title=\"\"><div class=\"thumb-wrap\"><div style = \"padding-bottom : 66.69921875%;\" class=\"gallery-thumb-img-wrap be-grid-placeholder none-effect\" data-aspect-ratio=\"1.5\" ><img decoding=\"async\" class=\"\"  src=\"https:\/\/cultura.orihuela.es\/wp-content\/uploads\/2020\/03\/PHOTO-2018-06-12-17-53-02-3.jpg\" alt=\"\" \/><\/div><\/div><div class=\"thumb-overlay\"><div class=\"thumb-bg\"><div class=\"thumb-title-wrap display-table-cell vertical-align-middle align-center fadeIn animated\"><\/div><\/div><\/div><\/a><\/div><\/div><div class=\"gallery-cell be-col be-hoverlay  not-wide no-wide-width-height style1-hover \" ><div class=\"gallery-cell-inner\"\"><a data-thumb = \"https:\/\/cultura.orihuela.es\/wp-content\/uploads\/2020\/03\/PHOTO-2018-06-12-17-53-47-3-150x150.jpg\" href=\"https:\/\/cultura.orihuela.es\/wp-content\/uploads\/2020\/03\/PHOTO-2018-06-12-17-53-47-3.jpg\"  class=\"thumb-anchor mobx  \" data-rel=\"my-galleryUQW5u8m-h\" title=\"\"><div class=\"thumb-wrap\"><div style = \"padding-bottom : 67.67578125%;\" class=\"gallery-thumb-img-wrap be-grid-placeholder none-effect\" data-aspect-ratio=\"1.48\" ><img decoding=\"async\" class=\"\"  src=\"https:\/\/cultura.orihuela.es\/wp-content\/uploads\/2020\/03\/PHOTO-2018-06-12-17-53-47-3.jpg\" alt=\"\" \/><\/div><\/div><div class=\"thumb-overlay\"><div class=\"thumb-bg\"><div class=\"thumb-title-wrap display-table-cell vertical-align-middle align-center fadeIn animated\"><\/div><\/div><\/div><\/a><\/div><\/div><\/div><\/div><style>.tatsu-UQW5u8m-h .gallery-container{margin: 0 -5px;}.tatsu-UQW5u8m-h .gallery-container .gallery-cell.be-col{margin-bottom: 10px;}.tatsu-UQW5u8m-h .gallery-container .gallery-cell.be-col {padding: 0 5px;}.tatsu-UQW5u8m-h.tatsu-gallery-module .gallery-container {margin-bottom: -10px !important;}.tatsu-UQW5u8m-h.tatsu-gallery-module .thumb-title{color: #fff ;}.tatsu-UQW5u8m-h.tatsu-gallery-module .thumb-bg{background-color: rgba(49,50,51,0.43);}.tatsu-UQW5u8m-h.tatsu-gallery-module .gallery-thumb-img-wrap{background-color: rgba(255,255,255,0.39);}<\/style><\/div><\/div><\/div><div class = \"tatsu-column-bg-image-wrap\"><div class = \"tatsu-column-bg-image tatsu-bg-lazyload\" data-src = \"\"><\/div><\/div><div class=\"tatsu-overlay tatsu-column-overlay tatsu-animate-none\" ><\/div><\/div><style>.tatsu-row > .tatsu-jQzH4qK8by.tatsu-column{width: 45.25%;}.tatsu-jQzH4qK8by.tatsu-column > .tatsu-column-inner{background: linear-gradient(270deg, rgba(255,255,255,1) 0%, rgba(0,0,0,0.05) 100%);}.tatsu-jQzH4qK8by.tatsu-column > .tatsu-column-inner > .tatsu-column-pad-wrap > .tatsu-column-pad{padding: 30px 30px 30px 49px;}.tatsu-jQzH4qK8by.tatsu-column > .tatsu-column-inner > .tatsu-column-overlay{mix-blend-mode: normal;}.tatsu-jQzH4qK8by .tatsu-left-divider{width: 39px;color: #ffffff ;}.tatsu-jQzH4qK8by > .tatsu-column-inner > .tatsu-top-divider{z-index: 9999;}.tatsu-jQzH4qK8by > .tatsu-column-inner > .tatsu-bottom-divider{z-index: 9999;}.tatsu-jQzH4qK8by > .tatsu-column-inner > .tatsu-left-divider{z-index: 9999;}.tatsu-jQzH4qK8by > .tatsu-column-inner > .tatsu-right-divider{z-index: 9999;}@media only screen and (max-width:1377px) {.tatsu-row > .tatsu-jQzH4qK8by.tatsu-column{width: 50%;}}@media only screen and (min-width:768px) and (max-width: 1024px) {.tatsu-row > .tatsu-jQzH4qK8by.tatsu-column{width: 50%;}}@media only screen and (max-width: 767px) {.tatsu-row > .tatsu-jQzH4qK8by.tatsu-column{width: 100%;}}<\/style><\/div><\/div><\/div><\/div><div class=\"tatsu-section-background-wrap\"><div class = \"tatsu-section-background tatsu-bg-lazyload\" data-src = \"\"><\/div><\/div><div class=\"tatsu-overlay tatsu-section-overlay\"><\/div><style>.tatsu-X2iik93dEn.tatsu-section{background-color: rgba(255,255,255,1);}.tatsu-X2iik93dEn .tatsu-section-pad{padding: 1px 0px 90px 0px;}.tatsu-X2iik93dEn .tatsu-section-offset-wrap{transform: translateY(-0px);}.tatsu-X2iik93dEn > .tatsu-bottom-divider{z-index: 9999;}.tatsu-X2iik93dEn > .tatsu-top-divider{z-index: 9999;}.tatsu-X2iik93dEn .tatsu-section-overlay{mix-blend-mode: normal;}<\/style><\/div>\n","protected":false},"excerpt":{"rendered":"<p><a href=\"https:\/\/cultura.orihuela.es\/?page_id=215549\" class=\"exp-read-more exp-read-more-dots\">&#8230;<\/a><\/p>\n","protected":false},"author":1,"featured_media":215586,"parent":0,"menu_order":0,"comment_status":"open","ping_status":"open","template":"","meta":{"footnotes":""},"yst_prominent_words":[488,470,487,479,472,477,497,485,500,489,468,473,466,491,492,481,490,475,494,483],"class_list":["post-215549","page","type-page","status-publish","has-post-thumbnail","hentry"],"_links":{"self":[{"href":"https:\/\/cultura.orihuela.es\/index.php?rest_route=\/wp\/v2\/pages\/215549","targetHints":{"allow":["GET"]}}],"collection":[{"href":"https:\/\/cultura.orihuela.es\/index.php?rest_route=\/wp\/v2\/pages"}],"about":[{"href":"https:\/\/cultura.orihuela.es\/index.php?rest_route=\/wp\/v2\/types\/page"}],"author":[{"embeddable":true,"href":"https:\/\/cultura.orihuela.es\/index.php?rest_route=\/wp\/v2\/users\/1"}],"replies":[{"embeddable":true,"href":"https:\/\/cultura.orihuela.es\/index.php?rest_route=%2Fwp%2Fv2%2Fcomments&post=215549"}],"version-history":[{"count":12,"href":"https:\/\/cultura.orihuela.es\/index.php?rest_route=\/wp\/v2\/pages\/215549\/revisions"}],"predecessor-version":[{"id":219623,"href":"https:\/\/cultura.orihuela.es\/index.php?rest_route=\/wp\/v2\/pages\/215549\/revisions\/219623"}],"wp:featuredmedia":[{"embeddable":true,"href":"https:\/\/cultura.orihuela.es\/index.php?rest_route=\/wp\/v2\/media\/215586"}],"wp:attachment":[{"href":"https:\/\/cultura.orihuela.es\/index.php?rest_route=%2Fwp%2Fv2%2Fmedia&parent=215549"}],"wp:term":[{"taxonomy":"yst_prominent_words","embeddable":true,"href":"https:\/\/cultura.orihuela.es\/index.php?rest_route=%2Fwp%2Fv2%2Fyst_prominent_words&post=215549"}],"curies":[{"name":"wp","href":"https:\/\/api.w.org\/{rel}","templated":true}]}}